{"id":573,"date":"2025-07-01T12:21:55","date_gmt":"2025-07-01T12:21:55","guid":{"rendered":"https:\/\/baumfruit.com.br\/?page_id=573"},"modified":"2026-01-07T19:54:27","modified_gmt":"2026-01-07T19:54:27","slug":"frutascongeladas","status":"publish","type":"page","link":"https:\/\/baumfruit.com.br\/?page_id=573","title":{"rendered":"Frutas Congeladas"},"content":{"rendered":"\t\t<div data-elementor-type=\"wp-page\" data-elementor-id=\"573\" class=\"elementor elementor-573\">\n\t\t\t\t<div class=\"elementor-element elementor-element-1dc1101 e-flex e-con-boxed e-con e-parent\" data-id=\"1dc1101\" data-element_type=\"container\" data-e-type=\"container\" data-settings=\"{&quot;background_background&quot;:&quot;classic&quot;}\">\n\t\t\t\t\t<div class=\"e-con-inner\">\n\t\t<div class=\"elementor-element elementor-element-53b3a5f e-con-full e-flex e-con e-child\" data-id=\"53b3a5f\" data-element_type=\"container\" data-e-type=\"container\">\n\t\t<div class=\"elementor-element elementor-element-64ea4d0 e-con-full e-flex e-con e-child\" data-id=\"64ea4d0\" data-element_type=\"container\" data-e-type=\"container\">\n\t\t\t\t<div class=\"elementor-element elementor-element-101d3ca elementor-widget elementor-widget-heading\" data-id=\"101d3ca\" data-element_type=\"widget\" data-e-type=\"widget\" data-widget_type=\"heading.default\">\n\t\t\t\t<div class=\"elementor-widget-container\">\n\t\t\t\t\t<h6 class=\"elementor-heading-title elementor-size-default\">Frutas Congeladas<\/h6>\t\t\t\t<\/div>\n\t\t\t\t<\/div>\n\t\t\t\t<\/div>\n\t\t<div class=\"elementor-element elementor-element-bc8a511 e-con-full e-flex e-con e-child\" data-id=\"bc8a511\" data-element_type=\"container\" data-e-type=\"container\">\n\t\t\t\t<div class=\"elementor-element elementor-element-63e8968 elementor-widget elementor-widget-image\" data-id=\"63e8968\" data-element_type=\"widget\" data-e-type=\"widget\" data-widget_type=\"image.default\">\n\t\t\t\t<div class=\"elementor-widget-container\">\n\t\t\t\t\t\t\t\t\t\t\t\t<figure class=\"wp-caption\">\n\t\t\t\t\t\t\t\t\t\t<img fetchpriority=\"high\" decoding=\"async\" width=\"2409\" height=\"2560\" src=\"https:\/\/baumfruit.com.br\/wp-content\/uploads\/2026\/01\/fc2-scaled.png\" class=\"attachment-full size-full wp-image-1054\" alt=\"\" srcset=\"https:\/\/baumfruit.com.br\/wp-content\/uploads\/2026\/01\/fc2-scaled.png 2409w, https:\/\/baumfruit.com.br\/wp-content\/uploads\/2026\/01\/fc2-282x300.png 282w, https:\/\/baumfruit.com.br\/wp-content\/uploads\/2026\/01\/fc2-964x1024.png 964w, https:\/\/baumfruit.com.br\/wp-content\/uploads\/2026\/01\/fc2-768x816.png 768w, https:\/\/baumfruit.com.br\/wp-content\/uploads\/2026\/01\/fc2-1445x1536.png 1445w, https:\/\/baumfruit.com.br\/wp-content\/uploads\/2026\/01\/fc2-1927x2048.png 1927w\" sizes=\"(max-width: 2409px) 100vw, 2409px\" \/>\t\t\t\t\t\t\t\t\t\t\t<figcaption class=\"widget-image-caption wp-caption-text\"><\/figcaption>\n\t\t\t\t\t\t\t\t\t\t<\/figure>\n\t\t\t\t\t\t\t\t\t<\/div>\n\t\t\t\t<\/div>\n\t\t\t\t<\/div>\n\t\t\t\t<\/div>\n\t\t<div class=\"elementor-element elementor-element-b01fcbf e-con-full e-flex e-con e-child\" data-id=\"b01fcbf\" data-element_type=\"container\" data-e-type=\"container\">\n\t\t\t\t<div class=\"elementor-element elementor-element-bb7556d elementor-widget elementor-widget-text-editor\" data-id=\"bb7556d\" data-element_type=\"widget\" data-e-type=\"widget\" data-widget_type=\"text-editor.default\">\n\t\t\t\t<div class=\"elementor-widget-container\">\n\t\t\t\t\t\t\t\t\t<p data-start=\"112\" data-end=\"157\"><span style=\"font-family: arial, helvetica, sans-serif; font-size: 14px;\"><strong data-start=\"112\" data-end=\"155\">Baum Fruit \u2013 Frutas Congeladas<\/strong><\/span><\/p><p data-start=\"87\" data-end=\"350\"><span style=\"font-family: arial, helvetica, sans-serif; font-size: 14px;\">Nossas frutas maduras picadas s\u00e3o cuidadosamente selecionadas para garantir <strong data-start=\"163\" data-end=\"180\">sabor natural<\/strong>, frescor e alta qualidade em cada por\u00e7\u00e3o. O produto <strong data-start=\"233\" data-end=\"288\">n\u00e3o cont\u00e9m adi\u00e7\u00e3o de \u00e1gua, conservantes ou a\u00e7\u00facares<\/strong>, preservando ao m\u00e1ximo as caracter\u00edsticas originais da fruta.<\/span><\/p><p data-start=\"352\" data-end=\"670\"><span style=\"font-family: arial, helvetica, sans-serif; font-size: 14px;\">A embalagem foi desenvolvida para oferecer <strong data-start=\"395\" data-end=\"422\">praticidade e seguran\u00e7a<\/strong>, com sistema &#8220;<strong data-start=\"436\" data-end=\"451\">picote&#8221;<\/strong> que facilita o consumo no dia a dia e mant\u00e9m a integridade do alimento. <\/span><\/p><p data-start=\"352\" data-end=\"670\"><span style=\"font-family: arial, helvetica, sans-serif; font-size: 14px;\">Todo o processo produtivo <strong data-start=\"550\" data-end=\"623\">segue rigorosamente os crit\u00e9rios de Boas Pr\u00e1ticas de Fabrica\u00e7\u00e3o (BPF)<\/strong>, assegurando higiene, controle, padroniza\u00e7\u00e3o e rastreabilidade.<\/span><\/p><p data-start=\"672\" data-end=\"884\"><span style=\"font-family: arial, helvetica, sans-serif; font-size: 14px;\">Para refor\u00e7ar ainda mais a confian\u00e7a, nossos produtos contam com o <strong data-start=\"739\" data-end=\"767\">Selo Alimentos do Paran\u00e1<\/strong>, certifica\u00e7\u00e3o que reconhece empresas comprometidas com qualidade, seguran\u00e7a e responsabilidade no setor aliment\u00edcio desde 2020.<\/span><\/p><p data-start=\"112\" data-end=\"157\"><span style=\"font-family: arial, helvetica, sans-serif; font-size: 14px;\"><strong data-start=\"112\" data-end=\"155\">Embalagem: Pacote 1kg.<\/strong><\/span><\/p><p data-start=\"886\" data-end=\"947\" data-is-last-node=\"\" data-is-only-node=\"\"><span style=\"font-size: 14px;\">Sabores:\u00a0 Morango, Abacaxi, Frutas Vermelhas e Amora.<\/span><\/p><p data-start=\"112\" data-end=\"157\"><span style=\"font-family: arial, helvetica, sans-serif; font-size: 14px;\"><strong data-start=\"112\" data-end=\"155\">Embalagem: Pacote fracionado com 10 unidades de 100g.<\/strong><\/span><\/p><p data-start=\"886\" data-end=\"947\" data-is-last-node=\"\" data-is-only-node=\"\"><span style=\"font-size: 14px;\">Sabores:\u00a0 Morango, Maracuj\u00e1 com semente, Abacaxi, Manga, Frutas Vermelhas,\u00a0 Framboesa, Mirtilo e Amora.<\/span><\/p>\t\t\t\t\t\t\t\t<\/div>\n\t\t\t\t<\/div>\n\t\t\t\t<\/div>\n\t\t\t\t\t<\/div>\n\t\t\t\t<\/div>\n\t\t<div class=\"elementor-element elementor-element-9299956 e-flex e-con-boxed e-con e-parent\" data-id=\"9299956\" data-element_type=\"container\" data-e-type=\"container\">\n\t\t\t\t\t<div class=\"e-con-inner\">\n\t\t\t\t<div class=\"elementor-element elementor-element-9318109 elementor-arrows-position-outside elementor-widget elementor-widget-image-carousel\" data-id=\"9318109\" data-element_type=\"widget\" data-e-type=\"widget\" data-settings=\"{&quot;slides_to_show&quot;:&quot;4&quot;,&quot;slides_to_scroll&quot;:&quot;2&quot;,&quot;navigation&quot;:&quot;arrows&quot;,&quot;image_spacing_custom&quot;:{&quot;unit&quot;:&quot;px&quot;,&quot;size&quot;:63,&quot;sizes&quot;:[]},&quot;autoplay&quot;:&quot;yes&quot;,&quot;pause_on_hover&quot;:&quot;yes&quot;,&quot;pause_on_interaction&quot;:&quot;yes&quot;,&quot;autoplay_speed&quot;:5000,&quot;infinite&quot;:&quot;yes&quot;,&quot;speed&quot;:500,&quot;image_spacing_custom_tablet&quot;:{&quot;unit&quot;:&quot;px&quot;,&quot;size&quot;:&quot;&quot;,&quot;sizes&quot;:[]},&quot;image_spacing_custom_mobile&quot;:{&quot;unit&quot;:&quot;px&quot;,&quot;size&quot;:&quot;&quot;,&quot;sizes&quot;:[]}}\" data-widget_type=\"image-carousel.default\">\n\t\t\t\t<div class=\"elementor-widget-container\">\n\t\t\t\t\t\t\t<div class=\"elementor-image-carousel-wrapper swiper\" role=\"region\" aria-roledescription=\"carousel\" aria-label=\"Carrossel de imagens\" dir=\"ltr\">\n\t\t\t<div class=\"elementor-image-carousel swiper-wrapper\" aria-live=\"off\">\n\t\t\t\t\t\t\t\t<div class=\"swiper-slide\" role=\"group\" aria-roledescription=\"slide\" aria-label=\"1 de 9\"><figure class=\"swiper-slide-inner\"><img decoding=\"async\" class=\"swiper-slide-image\" src=\"https:\/\/baumfruit.com.br\/wp-content\/uploads\/2025\/07\/abacaxi-100g-1.png\" alt=\"abacaxi 100g\" \/><\/figure><\/div><div class=\"swiper-slide\" role=\"group\" aria-roledescription=\"slide\" aria-label=\"2 de 9\"><figure class=\"swiper-slide-inner\"><img decoding=\"async\" class=\"swiper-slide-image\" src=\"https:\/\/baumfruit.com.br\/wp-content\/uploads\/2025\/07\/abacaxi-com-hortela-100g.png\" alt=\"abacaxi com hortel\u00e3 100g\" \/><\/figure><\/div><div class=\"swiper-slide\" role=\"group\" aria-roledescription=\"slide\" aria-label=\"3 de 9\"><figure class=\"swiper-slide-inner\"><img decoding=\"async\" class=\"swiper-slide-image\" src=\"https:\/\/baumfruit.com.br\/wp-content\/uploads\/2025\/07\/amora-100g.png\" alt=\"amora 100g\" \/><\/figure><\/div><div class=\"swiper-slide\" role=\"group\" aria-roledescription=\"slide\" aria-label=\"4 de 9\"><figure class=\"swiper-slide-inner\"><img decoding=\"async\" class=\"swiper-slide-image\" src=\"https:\/\/baumfruit.com.br\/wp-content\/uploads\/2025\/07\/blueberry-100g.png\" alt=\"blueberry 100g\" \/><\/figure><\/div><div class=\"swiper-slide\" role=\"group\" aria-roledescription=\"slide\" aria-label=\"5 de 9\"><figure class=\"swiper-slide-inner\"><img decoding=\"async\" class=\"swiper-slide-image\" src=\"https:\/\/baumfruit.com.br\/wp-content\/uploads\/2025\/07\/framboesa-100g.png\" alt=\"framboesa 100g\" \/><\/figure><\/div><div class=\"swiper-slide\" role=\"group\" aria-roledescription=\"slide\" aria-label=\"6 de 9\"><figure class=\"swiper-slide-inner\"><img decoding=\"async\" class=\"swiper-slide-image\" src=\"https:\/\/baumfruit.com.br\/wp-content\/uploads\/2025\/07\/frutas-vermelhas-100g.png\" alt=\"frutas vermelhas 100g\" \/><\/figure><\/div><div class=\"swiper-slide\" role=\"group\" aria-roledescription=\"slide\" aria-label=\"7 de 9\"><figure class=\"swiper-slide-inner\"><img decoding=\"async\" class=\"swiper-slide-image\" src=\"https:\/\/baumfruit.com.br\/wp-content\/uploads\/2025\/07\/manga-100g.png\" alt=\"manga 100g\" \/><\/figure><\/div><div class=\"swiper-slide\" role=\"group\" aria-roledescription=\"slide\" aria-label=\"8 de 9\"><figure class=\"swiper-slide-inner\"><img decoding=\"async\" class=\"swiper-slide-image\" src=\"https:\/\/baumfruit.com.br\/wp-content\/uploads\/2025\/07\/maracuja-100g.png\" alt=\"maracuj\u00e1 100g\" \/><\/figure><\/div><div class=\"swiper-slide\" role=\"group\" aria-roledescription=\"slide\" aria-label=\"9 de 9\"><figure class=\"swiper-slide-inner\"><img decoding=\"async\" class=\"swiper-slide-image\" src=\"https:\/\/baumfruit.com.br\/wp-content\/uploads\/2025\/07\/morango-100g.png\" alt=\"morango 100g\" \/><\/figure><\/div>\t\t\t<\/div>\n\t\t\t\t\t\t\t\t\t\t\t\t<div class=\"elementor-swiper-button elementor-swiper-button-prev\" role=\"button\" tabindex=\"0\">\n\t\t\t\t\t\t<svg aria-hidden=\"true\" class=\"e-font-icon-svg e-eicon-chevron-left\" viewBox=\"0 0 1000 1000\" xmlns=\"http:\/\/www.w3.org\/2000\/svg\"><path d=\"M646 125C629 125 613 133 604 142L308 442C296 454 292 471 292 487 292 504 296 521 308 533L604 854C617 867 629 875 646 875 663 875 679 871 692 858 704 846 713 829 713 812 713 796 708 779 692 767L438 487 692 225C700 217 708 204 708 187 708 171 704 154 692 142 675 129 663 125 646 125Z\"><\/path><\/svg>\t\t\t\t\t<\/div>\n\t\t\t\t\t<div class=\"elementor-swiper-button elementor-swiper-button-next\" role=\"button\" tabindex=\"0\">\n\t\t\t\t\t\t<svg aria-hidden=\"true\" class=\"e-font-icon-svg e-eicon-chevron-right\" viewBox=\"0 0 1000 1000\" xmlns=\"http:\/\/www.w3.org\/2000\/svg\"><path d=\"M696 533C708 521 713 504 713 487 713 471 708 454 696 446L400 146C388 133 375 125 354 125 338 125 325 129 313 142 300 154 292 171 292 187 292 204 296 221 308 233L563 492 304 771C292 783 288 800 288 817 288 833 296 850 308 863 321 871 338 875 354 875 371 875 388 867 400 854L696 533Z\"><\/path><\/svg>\t\t\t\t\t<\/div>\n\t\t\t\t\n\t\t\t\t\t\t\t\t\t<\/div>\n\t\t\t\t\t\t<\/div>\n\t\t\t\t<\/div>\n\t\t\t\t\t<\/div>\n\t\t\t\t<\/div>\n\t\t<div class=\"elementor-element elementor-element-070b2ad e-grid e-con-boxed e-con e-parent\" data-id=\"070b2ad\" data-element_type=\"container\" data-e-type=\"container\" data-settings=\"{&quot;background_background&quot;:&quot;classic&quot;}\">\n\t\t\t\t\t<div class=\"e-con-inner\">\n\t\t\t\t<div class=\"elementor-element elementor-element-e764d1b elementor-widget elementor-widget-heading\" data-id=\"e764d1b\" data-element_type=\"widget\" data-e-type=\"widget\" data-widget_type=\"heading.default\">\n\t\t\t\t<div class=\"elementor-widget-container\">\n\t\t\t\t\t<h5 class=\"elementor-heading-title elementor-size-default\"><font dir=\"auto\" style=\"vertical-align: inherit\"><font dir=\"auto\" style=\"vertical-align: inherit\" class=\"VIpgJd-yAWNEb-VIpgJd-fmcmS-sn54Q\">Para d\u00favidas e or\u00e7amentos, envie nos uma mensagem!<\/font><\/font><\/h5>\t\t\t\t<\/div>\n\t\t\t\t<\/div>\n\t\t\t\t<div class=\"elementor-element elementor-element-f07c054 elementor-align-center elementor-widget elementor-widget-button\" data-id=\"f07c054\" data-element_type=\"widget\" data-e-type=\"widget\" data-widget_type=\"button.default\">\n\t\t\t\t<div class=\"elementor-widget-container\">\n\t\t\t\t\t\t\t\t\t<div class=\"elementor-button-wrapper\">\n\t\t\t\t\t<a class=\"elementor-button elementor-button-link elementor-size-sm\" href=\"https:\/\/wa.me\/5543998750021\">\n\t\t\t\t\t\t<span class=\"elementor-button-content-wrapper\">\n\t\t\t\t\t\t<span class=\"elementor-button-icon\">\n\t\t\t\t<i aria-hidden=\"true\" class=\"icon icon-whatsapp-1\"><\/i>\t\t\t<\/span>\n\t\t\t\t\t\t\t\t\t<span class=\"elementor-button-text\">Clique aqui!<\/span>\n\t\t\t\t\t<\/span>\n\t\t\t\t\t<\/a>\n\t\t\t\t<\/div>\n\t\t\t\t\t\t\t\t<\/div>\n\t\t\t\t<\/div>\n\t\t\t\t\t<\/div>\n\t\t\t\t<\/div>\n\t\t\t\t<\/div>\n\t\t","protected":false},"excerpt":{"rendered":"<p>Frutas Congeladas Baum Fruit \u2013 Frutas Congeladas Nossas frutas maduras picadas s\u00e3o cuidadosamente selecionadas para garantir sabor natural, frescor e [&hellip;]<\/p>\n","protected":false},"author":1,"featured_media":0,"parent":0,"menu_order":0,"comment_status":"closed","ping_status":"closed","template":"","meta":{"site-sidebar-layout":"no-sidebar","site-content-layout":"","ast-site-content-layout":"full-width-container","site-content-style":"default","site-sidebar-style":"default","ast-global-header-display":"","ast-banner-title-visibility":"","ast-main-header-display":"","ast-hfb-above-header-display":"","ast-hfb-below-header-display":"","ast-hfb-mobile-header-display":"","site-post-title":"disabled","ast-breadcrumbs-content":"","ast-featured-img":"disabled","footer-sml-layout":"","ast-disable-related-posts":"","theme-transparent-header-meta":"","adv-header-id-meta":"","stick-header-meta":"","header-above-stick-meta":"","header-main-stick-meta":"","header-below-stick-meta":"","astra-migrate-meta-layouts":"default","ast-page-background-enabled":"default","ast-page-background-meta":{"desktop":{"background-color":"var(--ast-global-color-4)","background-image":"","background-repeat":"repeat","background-position":"center center","background-size":"auto","background-attachment":"scroll","background-type":"","background-media":"","overlay-type":"","overlay-color":"","overlay-opacity":"","overlay-gradient":""},"tablet":{"background-color":"","background-image":"","background-repeat":"repeat","background-position":"center center","background-size":"auto","background-attachment":"scroll","background-type":"","background-media":"","overlay-type":"","overlay-color":"","overlay-opacity":"","overlay-gradient":""},"mobile":{"background-color":"","background-image":"","background-repeat":"repeat","background-position":"center center","background-size":"auto","background-attachment":"scroll","background-type":"","background-media":"","overlay-type":"","overlay-color":"","overlay-opacity":"","overlay-gradient":""}},"ast-content-background-meta":{"desktop":{"background-color":"var(--ast-global-color-5)","background-image":"","background-repeat":"repeat","background-position":"center center","background-size":"auto","background-attachment":"scroll","background-type":"","background-media":"","overlay-type":"","overlay-color":"","overlay-opacity":"","overlay-gradient":""},"tablet":{"background-color":"var(--ast-global-color-5)","background-image":"","background-repeat":"repeat","background-position":"center center","background-size":"auto","background-attachment":"scroll","background-type":"","background-media":"","overlay-type":"","overlay-color":"","overlay-opacity":"","overlay-gradient":""},"mobile":{"background-color":"var(--ast-global-color-5)","background-image":"","background-repeat":"repeat","background-position":"center center","background-size":"auto","background-attachment":"scroll","background-type":"","background-media":"","overlay-type":"","overlay-color":"","overlay-opacity":"","overlay-gradient":""}},"footnotes":""},"class_list":["post-573","page","type-page","status-publish","hentry"],"_links":{"self":[{"href":"https:\/\/baumfruit.com.br\/index.php?rest_route=\/wp\/v2\/pages\/573","targetHints":{"allow":["GET"]}}],"collection":[{"href":"https:\/\/baumfruit.com.br\/index.php?rest_route=\/wp\/v2\/pages"}],"about":[{"href":"https:\/\/baumfruit.com.br\/index.php?rest_route=\/wp\/v2\/types\/page"}],"author":[{"embeddable":true,"href":"https:\/\/baumfruit.com.br\/index.php?rest_route=\/wp\/v2\/users\/1"}],"replies":[{"embeddable":true,"href":"https:\/\/baumfruit.com.br\/index.php?rest_route=%2Fwp%2Fv2%2Fcomments&post=573"}],"version-history":[{"count":89,"href":"https:\/\/baumfruit.com.br\/index.php?rest_route=\/wp\/v2\/pages\/573\/revisions"}],"predecessor-version":[{"id":1164,"href":"https:\/\/baumfruit.com.br\/index.php?rest_route=\/wp\/v2\/pages\/573\/revisions\/1164"}],"wp:attachment":[{"href":"https:\/\/baumfruit.com.br\/index.php?rest_route=%2Fwp%2Fv2%2Fmedia&parent=573"}],"curies":[{"name":"wp","href":"https:\/\/api.w.org\/{rel}","templated":true}]}}